{"id":297,"date":"2014-02-24T10:11:01","date_gmt":"2014-02-24T10:11:01","guid":{"rendered":"https:\/\/www.sabe.it\/?page_id=297"},"modified":"2014-06-26T14:48:46","modified_gmt":"2014-06-26T14:48:46","slug":"sabe","status":"publish","type":"page","link":"https:\/\/www.sabe.it\/fr\/sabe\/","title":{"rendered":"Sabe"},"content":{"rendered":"<p><div style=\"height: 460px\" data-fullscreen=\"false\" data-autorotate=\"\" data-parallax=\"false\" data-full-width=\"true\" class=\"nectar-slider-wrap \" id=\"ns-id-69ddf752b6dab\">\r\n\t\t<div style=\"height: 460px\" class=\"swiper-container\" data-loop=\"false\" data-height=\"460\" data-arrows=\"false\" data-bullets=\"false\" data-desktop-swipe=\"false\">\r\n\t\t\t    <div class=\"swiper-wrapper\"><div class=\"swiper-slide\"  data-bg-alignment=\"center\" data-color-scheme=\"light\" data-x-pos=\"left\" data-y-pos=\"middle\">\r\n\r\n\t\t\t\t\t\t\t<div class=\"container\">\r\n\t\t\t\t\t\t\t\t<div class=\"content\"><\/div>\r\n\t\t\t\t\t\t\t<\/div><!--\/container--><div class=\"video-texture \"><\/div>\r\n\r\n\t\t\t\t\t\t\t\t<div class=\"mobile-video-image\" style=\"background-image: url()\"><\/div>\r\n\t\t\t\t\t\t\t\t<div class=\"video-wrap\">\r\n\r\n\r\n\t\t\t\t\t\t\t\t\t<video class=\"slider-video\" width=\"1800\" height=\"700\"  controls=\"controls\" preload=\"auto\" loop autoplay><source type=\"video\/webm\" src=\"https:\/\/www.sabe.it\/wp-content\/uploads\/2014\/04\/sabe-animazione-logo-nuova.webm\"><source type=\"video\/mp4\" src=\"https:\/\/www.sabe.it\/wp-content\/uploads\/2014\/04\/sabe-animazione-logo-nuova.mp4\"><object width=\"320\" height=\"240\" type=\"application\/x-shockwave-flash\" data=\"https:\/\/www.sabe.it\/wp-content\/themes\/salient\/js\/flashmediaelement.swf\">\r\n\t\t\t\t\t\t\t\t\t        <param name=\"movie\" value=\"https:\/\/www.sabe.it\/wp-content\/themes\/salient\/js\/flashmediaelement.swf\" \/>\r\n\t\t\t\t\t\t\t\t\t        <param name=\"flashvars\" value=\"controls=true&file=https:\/\/www.sabe.it\/wp-content\/uploads\/2014\/04\/sabe-animazione-logo-nuova.mp4\" \/>\r\n\t\t\t\t\t\t\t\t\t        <img loading=\"lazy\" decoding=\"async\" src=\"\" width=\"1800\" height=\"700\" alt=\"No video playback capabilities\" title=\"No video playback capabilities\" \/>\r\n\t\t\t\t\t\t\t\t\t    <\/object>\r\n\t\t\t\t\t\t\t\t\t<\/video>\r\n\r\n\r\n\t\t\t\t\t\t\t\t<\/div><\/div><!--\/swiper-slide--><\/div><div class=\"nectar-slider-loading\"><\/div> <\/div>\r\n\r\n\t\t<\/div>\n<div class=\"row\" id=\"home-content-row\">\n<div class=\"col span_4\">\n<div class=\"\"><a href=\"https:\/\/www.sabe.it\/fr\/azienda\/\" title=\"Azienda\"><img loading=\"lazy\" decoding=\"async\" align=\"center\" src=\"https:\/\/www.sabe.it\/wp-content\/uploads\/2013\/11\/azienda-300x136.jpg\" alt=\"azienda\" width=\"300\" height=\"136\" class=\"alignnone size-medium wp-image-38\" srcset=\"https:\/\/www.sabe.it\/wp-content\/uploads\/2013\/11\/azienda-300x136.jpg 300w, https:\/\/www.sabe.it\/wp-content\/uploads\/2013\/11\/azienda.jpg 349w\" sizes=\"auto, (max-width: 300px) 100vw, 300px\" \/><\/a><\/div>\n<h1><a href=\"https:\/\/www.sabe.it\/fr\/azienda\/\" title=\"Azienda\">Entreprise<\/a><\/h1>\n<p> En 1972, Pasquale Sala commen\u00e7a ses activit\u00e9s de charpentier ; aujourd&rsquo;hui un grand \u00e9tablissement conquiert des espaces de plus en plus importants &#8230;<\/div>\n<div class=\"col span_4\">\n<div class=\"\"><a href=\"https:\/\/www.sabe.it\/fr\/servizi-offerti\/\" title=\"Servizi offerti\"><img loading=\"lazy\" decoding=\"async\" src=\"https:\/\/www.sabe.it\/wp-content\/uploads\/2013\/11\/carpenteria-300x137.jpg\" alt=\"carpenteria\" width=\"300\" height=\"137\" class=\"alignnone size-medium wp-image-40\" srcset=\"https:\/\/www.sabe.it\/wp-content\/uploads\/2013\/11\/carpenteria-300x137.jpg 300w, https:\/\/www.sabe.it\/wp-content\/uploads\/2013\/11\/carpenteria.jpg 348w\" sizes=\"auto, (max-width: 300px) 100vw, 300px\" \/><\/a><\/div>\n<h1><a href=\"https:\/\/www.sabe.it\/fr\/servizi-offerti\/\" title=\"Servizi offerti\">Services offerts <\/a><\/h1>\n<p> Partout o\u00f9 il y a une grande installation, la contribution de SABE peut \u00eatre tr\u00e8s utile.  Les secteurs d&rsquo;intervention sont tr\u00e8s vari\u00e9s &#8230;  <\/div>\n<div class=\"col span_4 col_last\">\n<div class=\"\"><a href=\"#\" target=\"_blank\"><img loading=\"lazy\" decoding=\"async\" src=\"https:\/\/www.sabe.it\/wp-content\/uploads\/2013\/11\/app-300x136.jpg\" alt=\"app\" width=\"300\" height=\"136\" class=\"alignnone size-medium wp-image-41\" srcset=\"https:\/\/www.sabe.it\/wp-content\/uploads\/2013\/11\/app-300x136.jpg 300w, https:\/\/www.sabe.it\/wp-content\/uploads\/2013\/11\/app.jpg 350w\" sizes=\"auto, (max-width: 300px) 100vw, 300px\" \/><\/a><\/div>\n<h1><a target=\"_blank\" href=\"\">Notre application <\/a><\/h1>\n<p>Notre App en ligne pour pr\u00e9senter enti\u00e8rement le monde des services SABE et ses solutions int\u00e9gr\u00e9es.<br \/>\n<a href=\"https:\/\/itunes.apple.com\/us\/app\/sabe\/id889062069?mt=8\" target=\"_blank\"><img loading=\"lazy\" decoding=\"async\" src=\"\/wp-content\/themes\/salient\/assets\/appstore-launcher.jpg\" alt=\"appstore-launcher\" width=\"135\" height=\"43\" \/><\/a><a href=\"https:\/\/play.google.com\/store\/apps\/details?id=it.dcatalog.SABE&#038;hl=it\" target=\"_blank\"><img loading=\"lazy\" decoding=\"async\" src=\"\/wp-content\/themes\/salient\/assets\/playstore-launcher.jpg\" alt=\"playstore-launcher\" width=\"133\" height=\"43\" \/><\/a> <\/div><div class=\"clear\"><\/div>\n<\/div>\n<p><\/p>","protected":false},"excerpt":{"rendered":"","protected":false},"author":1,"featured_media":0,"parent":0,"menu_order":0,"comment_status":"open","ping_status":"open","template":"","meta":{"footnotes":""},"class_list":["post-297","page","type-page","status-publish","hentry"],"_links":{"self":[{"href":"https:\/\/www.sabe.it\/fr\/wp-json\/wp\/v2\/pages\/297","targetHints":{"allow":["GET"]}}],"collection":[{"href":"https:\/\/www.sabe.it\/fr\/wp-json\/wp\/v2\/pages"}],"about":[{"href":"https:\/\/www.sabe.it\/fr\/wp-json\/wp\/v2\/types\/page"}],"author":[{"embeddable":true,"href":"https:\/\/www.sabe.it\/fr\/wp-json\/wp\/v2\/users\/1"}],"replies":[{"embeddable":true,"href":"https:\/\/www.sabe.it\/fr\/wp-json\/wp\/v2\/comments?post=297"}],"version-history":[{"count":5,"href":"https:\/\/www.sabe.it\/fr\/wp-json\/wp\/v2\/pages\/297\/revisions"}],"predecessor-version":[{"id":611,"href":"https:\/\/www.sabe.it\/fr\/wp-json\/wp\/v2\/pages\/297\/revisions\/611"}],"wp:attachment":[{"href":"https:\/\/www.sabe.it\/fr\/wp-json\/wp\/v2\/media?parent=297"}],"curies":[{"name":"wp","href":"https:\/\/api.w.org\/{rel}","templated":true}]}}